{"id":76,"date":"2022-04-27T13:50:00","date_gmt":"2022-04-27T20:50:00","guid":{"rendered":"http:\/\/foglesongtow.local\/?page_id=48"},"modified":"2025-11-03T09:40:43","modified_gmt":"2025-11-03T17:40:43","slug":"contact","status":"publish","type":"page","link":"https:\/\/www.foglesongtow.com\/es\/contact\/","title":{"rendered":"Contacto"},"content":{"rendered":"<h2 class=\"wp-block-heading\">Hazte cliente de Foglesong Towing: \u00a1Ll\u00e1manos hoy mismo!<\/h2>\n\n\n\n<p><span style=\"font-weight: 400;\">Nuestro equipo de Foglesong Towing se esfuerza por ofrecer un servicio de m\u00e1xima calidad a todos nuestros clientes. Tener una cuenta con nosotros conlleva una serie de ventajas \u00fanicas, como el contacto personalizado con la direcci\u00f3n, servicio prioritario junto a las llamadas de la polic\u00eda y tarifas con descuento para los proveedores con flotas de 5 veh\u00edculos o m\u00e1s. Adem\u00e1s, ofrecemos opciones de pago flexibles (en efectivo, con tarjeta, con cheques y con factura de pedido) a los titulares de nuestras cuentas. Cualquier problema es atendido inmediatamente por la direcci\u00f3n con una atenci\u00f3n al cliente excepcional. Si tienes alguna pregunta sobre c\u00f3mo convertirte en proveedor o abrir una cuenta con nosotros, ll\u00e1manos hoy mismo<\/span>.<\/p>\n\n\n\n<div class=\"wp-block-ewsblocks-ewscolumns one_full ews_grid wgaps\"><div class=\"cbox\" \"><h4>Remolque Foglesong<\/h4><ul><li class=\"cboxaddress\"><i class=\"fas fa-map-marker-alt\"><\/i><span>631 S Oaks Ave <br>Ontario CA 91762<\/span><\/li><li class=\"cboxphone\"><i class=\"fas fa-phone-alt\"><\/i><span><a class=\"cbox-phone-click\" href=\"tel:(909)984-2644\">(909) 984-2644<\/a><\/span><\/li><li class=\"cboxhours\"><i class=\"fas fa-clock\"><\/i><span><span>Abierto 24 horas al d\u00eda, 7 d\u00edas a la semana<\/span><\/span><\/li><\/ul><\/div>\n\n\n<div class=\"map-scode\"><iframe src=\"https:\/\/www.google.com\/maps\/embed?pb=!1m14!1m8!1m3!1d13221.94392278328!2d-117.6760589!3d34.0570543!3m2!1i1024!2i768!4f13.1!3m3!1m2!1s0x0%3A0x97933db42455db5d!2sJames%20Foglesong%20Towing%20and%20Storage!5e0!3m2!1sen!2sus!4v1653590676948!5m2!1sen!2sus\" width=\"450\" height=\"450\" style=\"border:0;\" allowfullscreen=\"\" loading=\"lazy\" referrerpolicy=\"no-referrer-when-downgrade\"><\/iframe><\/div>\n<\/div>","protected":false},"excerpt":{"rendered":"<p>Hazte Cliente de Foglesong Towing: \u00a1Ll\u00e1manos Hoy! Nuestro equipo de Foglesong Towing se esfuerza por [...]<\/p>","protected":false},"author":4,"featured_media":0,"parent":0,"menu_order":0,"comment_status":"closed","ping_status":"closed","template":"","meta":{"_acf_changed":false,"footnotes":""},"class_list":["post-76","page","type-page","status-publish","hentry"],"acf":[],"yoast_head":"<!-- This site is optimized with the Yoast SEO plugin v26.5 - https:\/\/yoast.com\/wordpress\/plugins\/seo\/ -->\n<title>Contact Foglesong Towing | Ontario, CA | 24\/7 Help<\/title>\n<meta name=\"description\" content=\"Need help now? Contact Foglesong Towing in Ontario, CA for 24\/7 towing, impounds, and roadside assistance. Call or message our team for fast, clear help.\" \/>\n<meta name=\"robots\" content=\"index, follow, max-snippet:-1, max-image-preview:large, max-video-preview:-1\" \/>\n<link rel=\"canonical\" href=\"https:\/\/www.foglesongtow.com\/es\/contact\/\" \/>\n<meta property=\"og:locale\" content=\"es_MX\" \/>\n<meta property=\"og:type\" content=\"article\" \/>\n<meta property=\"og:title\" content=\"Contact Foglesong Towing | Ontario, CA | 24\/7 Help\" \/>\n<meta property=\"og:description\" content=\"Need help now? Contact Foglesong Towing in Ontario, CA for 24\/7 towing, impounds, and roadside assistance. Call or message our team for fast, clear help.\" \/>\n<meta property=\"og:url\" content=\"https:\/\/www.foglesongtow.com\/es\/contact\/\" \/>\n<meta property=\"og:site_name\" content=\"Foglesong Towing\" \/>\n<meta property=\"article:modified_time\" content=\"2025-11-03T17:40:43+00:00\" \/>\n<meta name=\"twitter:card\" content=\"summary_large_image\" \/>\n<meta name=\"twitter:label1\" content=\"Tiempo de lectura\" \/>\n\t<meta name=\"twitter:data1\" content=\"1 minuto\" \/>\n<script type=\"application\/ld+json\" class=\"yoast-schema-graph\">{\"@context\":\"https:\/\/schema.org\",\"@graph\":[{\"@type\":\"WebPage\",\"@id\":\"https:\/\/www.foglesongtow.com\/contact\/\",\"url\":\"https:\/\/www.foglesongtow.com\/contact\/\",\"name\":\"Contact Foglesong Towing | Ontario, CA | 24\/7 Help\",\"isPartOf\":{\"@id\":\"https:\/\/www.foglesongtow.com\/#website\"},\"datePublished\":\"2022-04-27T20:50:00+00:00\",\"dateModified\":\"2025-11-03T17:40:43+00:00\",\"description\":\"Need help now? Contact Foglesong Towing in Ontario, CA for 24\/7 towing, impounds, and roadside assistance. Call or message our team for fast, clear help.\",\"breadcrumb\":{\"@id\":\"https:\/\/www.foglesongtow.com\/contact\/#breadcrumb\"},\"inLanguage\":\"es\",\"potentialAction\":[{\"@type\":\"ReadAction\",\"target\":[\"https:\/\/www.foglesongtow.com\/contact\/\"]}]},{\"@type\":\"BreadcrumbList\",\"@id\":\"https:\/\/www.foglesongtow.com\/contact\/#breadcrumb\",\"itemListElement\":[{\"@type\":\"ListItem\",\"position\":1,\"name\":\"Home\",\"item\":\"https:\/\/www.foglesongtow.com\/\"},{\"@type\":\"ListItem\",\"position\":2,\"name\":\"Contact Us\"}]},{\"@type\":\"WebSite\",\"@id\":\"https:\/\/www.foglesongtow.com\/#website\",\"url\":\"https:\/\/www.foglesongtow.com\/\",\"name\":\"Foglesong Towing\",\"description\":\"\",\"inLanguage\":\"es\"}]}<\/script>\n<!-- \/ Yoast SEO plugin. -->","yoast_head_json":{"title":"Contact Foglesong Towing | Ontario, CA | 24\/7 Help","description":"Need help now? Contact Foglesong Towing in Ontario, CA for 24\/7 towing, impounds, and roadside assistance. Call or message our team for fast, clear help.","robots":{"index":"index","follow":"follow","max-snippet":"max-snippet:-1","max-image-preview":"max-image-preview:large","max-video-preview":"max-video-preview:-1"},"canonical":"https:\/\/www.foglesongtow.com\/es\/contact\/","og_locale":"es_MX","og_type":"article","og_title":"Contact Foglesong Towing | Ontario, CA | 24\/7 Help","og_description":"Need help now? Contact Foglesong Towing in Ontario, CA for 24\/7 towing, impounds, and roadside assistance. Call or message our team for fast, clear help.","og_url":"https:\/\/www.foglesongtow.com\/es\/contact\/","og_site_name":"Foglesong Towing","article_modified_time":"2025-11-03T17:40:43+00:00","twitter_card":"summary_large_image","twitter_misc":{"Tiempo de lectura":"1 minuto"},"schema":{"@context":"https:\/\/schema.org","@graph":[{"@type":"WebPage","@id":"https:\/\/www.foglesongtow.com\/contact\/","url":"https:\/\/www.foglesongtow.com\/contact\/","name":"Contact Foglesong Towing | Ontario, CA | 24\/7 Help","isPartOf":{"@id":"https:\/\/www.foglesongtow.com\/#website"},"datePublished":"2022-04-27T20:50:00+00:00","dateModified":"2025-11-03T17:40:43+00:00","description":"Need help now? Contact Foglesong Towing in Ontario, CA for 24\/7 towing, impounds, and roadside assistance. Call or message our team for fast, clear help.","breadcrumb":{"@id":"https:\/\/www.foglesongtow.com\/contact\/#breadcrumb"},"inLanguage":"es","potentialAction":[{"@type":"ReadAction","target":["https:\/\/www.foglesongtow.com\/contact\/"]}]},{"@type":"BreadcrumbList","@id":"https:\/\/www.foglesongtow.com\/contact\/#breadcrumb","itemListElement":[{"@type":"ListItem","position":1,"name":"Home","item":"https:\/\/www.foglesongtow.com\/"},{"@type":"ListItem","position":2,"name":"Contact Us"}]},{"@type":"WebSite","@id":"https:\/\/www.foglesongtow.com\/#website","url":"https:\/\/www.foglesongtow.com\/","name":"Remolque Foglesong","description":"","inLanguage":"es"}]}},"_links":{"self":[{"href":"https:\/\/www.foglesongtow.com\/es\/wp-json\/wp\/v2\/pages\/76","targetHints":{"allow":["GET"]}}],"collection":[{"href":"https:\/\/www.foglesongtow.com\/es\/wp-json\/wp\/v2\/pages"}],"about":[{"href":"https:\/\/www.foglesongtow.com\/es\/wp-json\/wp\/v2\/types\/page"}],"author":[{"embeddable":true,"href":"https:\/\/www.foglesongtow.com\/es\/wp-json\/wp\/v2\/users\/4"}],"replies":[{"embeddable":true,"href":"https:\/\/www.foglesongtow.com\/es\/wp-json\/wp\/v2\/comments?post=76"}],"version-history":[{"count":1,"href":"https:\/\/www.foglesongtow.com\/es\/wp-json\/wp\/v2\/pages\/76\/revisions"}],"predecessor-version":[{"id":1767,"href":"https:\/\/www.foglesongtow.com\/es\/wp-json\/wp\/v2\/pages\/76\/revisions\/1767"}],"wp:attachment":[{"href":"https:\/\/www.foglesongtow.com\/es\/wp-json\/wp\/v2\/media?parent=76"}],"curies":[{"name":"wp","href":"https:\/\/api.w.org\/{rel}","templated":true}]}}