{"id":1213,"date":"2022-07-26T11:31:04","date_gmt":"2022-07-26T18:31:04","guid":{"rendered":"https:\/\/foglesongtow.local\/?page_id=1213"},"modified":"2025-11-03T09:38:44","modified_gmt":"2025-11-03T17:38:44","slug":"auctions","status":"publish","type":"page","link":"https:\/\/www.foglesongtow.com\/es\/auctions\/","title":{"rendered":"Subastas"},"content":{"rendered":"<div class=\"wp-block-group\"><div class=\"wp-block-group__inner-container is-layout-flow wp-block-group-is-layout-flow\"><div class=\"wp-block-image coverimage\">\n<figure class=\"alignright size-large\"><img loading=\"lazy\" decoding=\"async\" width=\"512\" height=\"512\" src=\"https:\/\/foglesongtow.ccsdesigns.com\/wp-content\/uploads\/2022\/06\/car.svg\" alt=\"Coche\" class=\"wp-image-1002\"\/><\/figure><\/div>\n\n\n<h2 class=\"has-black-color has-text-color wp-block-heading\"><strong>La b\u00fasqueda de una subasta de autom\u00f3viles cerca de m\u00ed ha terminado<\/strong><\/h2>\n\n\n\n<p class=\"has-black-color has-text-color\">En Foglesong Towing, estamos orgullosos de celebrar una subasta de coches el primer viernes de cada mes. Las notificaciones de las fechas en las que se celebrar\u00e1 la subasta se hacen a trav\u00e9s de nuestra p\u00e1gina web y de una lista de llamadas. Ponte en contacto con la central si quieres que te contactemos personalmente. Nuestras subastas de autom\u00f3viles son una forma estupenda de encontrar un transporte fiable a una fracci\u00f3n del coste de comprarlo nuevo. Estos eventos est\u00e1n abiertos al p\u00fablico y cuentan con una amplia selecci\u00f3n de veh\u00edculos asequibles en condiciones de funcionamiento, incluyendo bicicletas y remolques. Se aceptan pagos en efectivo y con tarjeta de cr\u00e9dito, y te proporcionaremos los documentos de gravamen necesarios. Debes tener un carn\u00e9 de conducir v\u00e1lido o un documento de identidad con fotograf\u00eda. Ll\u00e1manos o visita nuestra p\u00e1gina web para ver las fechas y m\u00e1s informaci\u00f3n. Tanto si buscas un coche, un cami\u00f3n o una moto, seguro que lo encuentras en una de nuestras subastas. \u00a1As\u00ed que p\u00e1sate y compru\u00e9balo!<\/p>\n<\/div><\/div>","protected":false},"excerpt":{"rendered":"","protected":false},"author":4,"featured_media":0,"parent":0,"menu_order":0,"comment_status":"closed","ping_status":"closed","template":"","meta":{"_acf_changed":false,"footnotes":""},"class_list":["post-1213","page","type-page","status-publish","hentry"],"acf":[],"yoast_head":"<!-- This site is optimized with the Yoast SEO plugin v26.5 - https:\/\/yoast.com\/wordpress\/plugins\/seo\/ -->\n<title>Auto Auctions | Foglesong Towing | Inland Empire<\/title>\n<meta name=\"description\" content=\"Browse Foglesong Towing\u2019s public auto auctions in Ontario, CA. View dates, requirements, pickup info for cars and trucks, plus how to register and bid.\" \/>\n<meta name=\"robots\" content=\"index, follow, max-snippet:-1, max-image-preview:large, max-video-preview:-1\" \/>\n<link rel=\"canonical\" href=\"https:\/\/www.foglesongtow.com\/es\/auctions\/\" \/>\n<meta property=\"og:locale\" content=\"es_MX\" \/>\n<meta property=\"og:type\" content=\"article\" \/>\n<meta property=\"og:title\" content=\"Auto Auctions | Foglesong Towing | Inland Empire\" \/>\n<meta property=\"og:description\" content=\"Browse Foglesong Towing\u2019s public auto auctions in Ontario, CA. View dates, requirements, pickup info for cars and trucks, plus how to register and bid.\" \/>\n<meta property=\"og:url\" content=\"https:\/\/www.foglesongtow.com\/es\/auctions\/\" \/>\n<meta property=\"og:site_name\" content=\"Foglesong Towing\" \/>\n<meta property=\"article:modified_time\" content=\"2025-11-03T17:38:44+00:00\" \/>\n<meta name=\"twitter:card\" content=\"summary_large_image\" \/>\n<script type=\"application\/ld+json\" class=\"yoast-schema-graph\">{\"@context\":\"https:\/\/schema.org\",\"@graph\":[{\"@type\":\"WebPage\",\"@id\":\"https:\/\/www.foglesongtow.com\/auctions\/\",\"url\":\"https:\/\/www.foglesongtow.com\/auctions\/\",\"name\":\"Auto Auctions | Foglesong Towing | Inland Empire\",\"isPartOf\":{\"@id\":\"https:\/\/www.foglesongtow.com\/#website\"},\"datePublished\":\"2022-07-26T18:31:04+00:00\",\"dateModified\":\"2025-11-03T17:38:44+00:00\",\"description\":\"Browse Foglesong Towing\u2019s public auto auctions in Ontario, CA. View dates, requirements, pickup info for cars and trucks, plus how to register and bid.\",\"breadcrumb\":{\"@id\":\"https:\/\/www.foglesongtow.com\/auctions\/#breadcrumb\"},\"inLanguage\":\"es\",\"potentialAction\":[{\"@type\":\"ReadAction\",\"target\":[\"https:\/\/www.foglesongtow.com\/auctions\/\"]}]},{\"@type\":\"BreadcrumbList\",\"@id\":\"https:\/\/www.foglesongtow.com\/auctions\/#breadcrumb\",\"itemListElement\":[{\"@type\":\"ListItem\",\"position\":1,\"name\":\"Home\",\"item\":\"https:\/\/www.foglesongtow.com\/\"},{\"@type\":\"ListItem\",\"position\":2,\"name\":\"Auctions\"}]},{\"@type\":\"WebSite\",\"@id\":\"https:\/\/www.foglesongtow.com\/#website\",\"url\":\"https:\/\/www.foglesongtow.com\/\",\"name\":\"Foglesong Towing\",\"description\":\"\",\"inLanguage\":\"es\"}]}<\/script>\n<!-- \/ Yoast SEO plugin. -->","yoast_head_json":{"title":"Auto Auctions | Foglesong Towing | Inland Empire","description":"Browse Foglesong Towing\u2019s public auto auctions in Ontario, CA. View dates, requirements, pickup info for cars and trucks, plus how to register and bid.","robots":{"index":"index","follow":"follow","max-snippet":"max-snippet:-1","max-image-preview":"max-image-preview:large","max-video-preview":"max-video-preview:-1"},"canonical":"https:\/\/www.foglesongtow.com\/es\/auctions\/","og_locale":"es_MX","og_type":"article","og_title":"Auto Auctions | Foglesong Towing | Inland Empire","og_description":"Browse Foglesong Towing\u2019s public auto auctions in Ontario, CA. View dates, requirements, pickup info for cars and trucks, plus how to register and bid.","og_url":"https:\/\/www.foglesongtow.com\/es\/auctions\/","og_site_name":"Foglesong Towing","article_modified_time":"2025-11-03T17:38:44+00:00","twitter_card":"summary_large_image","schema":{"@context":"https:\/\/schema.org","@graph":[{"@type":"WebPage","@id":"https:\/\/www.foglesongtow.com\/auctions\/","url":"https:\/\/www.foglesongtow.com\/auctions\/","name":"Auto Auctions | Foglesong Towing | Inland Empire","isPartOf":{"@id":"https:\/\/www.foglesongtow.com\/#website"},"datePublished":"2022-07-26T18:31:04+00:00","dateModified":"2025-11-03T17:38:44+00:00","description":"Browse Foglesong Towing\u2019s public auto auctions in Ontario, CA. View dates, requirements, pickup info for cars and trucks, plus how to register and bid.","breadcrumb":{"@id":"https:\/\/www.foglesongtow.com\/auctions\/#breadcrumb"},"inLanguage":"es","potentialAction":[{"@type":"ReadAction","target":["https:\/\/www.foglesongtow.com\/auctions\/"]}]},{"@type":"BreadcrumbList","@id":"https:\/\/www.foglesongtow.com\/auctions\/#breadcrumb","itemListElement":[{"@type":"ListItem","position":1,"name":"Home","item":"https:\/\/www.foglesongtow.com\/"},{"@type":"ListItem","position":2,"name":"Auctions"}]},{"@type":"WebSite","@id":"https:\/\/www.foglesongtow.com\/#website","url":"https:\/\/www.foglesongtow.com\/","name":"Remolque Foglesong","description":"","inLanguage":"es"}]}},"_links":{"self":[{"href":"https:\/\/www.foglesongtow.com\/es\/wp-json\/wp\/v2\/pages\/1213","targetHints":{"allow":["GET"]}}],"collection":[{"href":"https:\/\/www.foglesongtow.com\/es\/wp-json\/wp\/v2\/pages"}],"about":[{"href":"https:\/\/www.foglesongtow.com\/es\/wp-json\/wp\/v2\/types\/page"}],"author":[{"embeddable":true,"href":"https:\/\/www.foglesongtow.com\/es\/wp-json\/wp\/v2\/users\/4"}],"replies":[{"embeddable":true,"href":"https:\/\/www.foglesongtow.com\/es\/wp-json\/wp\/v2\/comments?post=1213"}],"version-history":[{"count":1,"href":"https:\/\/www.foglesongtow.com\/es\/wp-json\/wp\/v2\/pages\/1213\/revisions"}],"predecessor-version":[{"id":1765,"href":"https:\/\/www.foglesongtow.com\/es\/wp-json\/wp\/v2\/pages\/1213\/revisions\/1765"}],"wp:attachment":[{"href":"https:\/\/www.foglesongtow.com\/es\/wp-json\/wp\/v2\/media?parent=1213"}],"curies":[{"name":"wp","href":"https:\/\/api.w.org\/{rel}","templated":true}]}}