{"id":1118,"date":"2022-07-19T13:15:28","date_gmt":"2022-07-19T20:15:28","guid":{"rendered":"https:\/\/foglesongtow.local\/?page_id=1118"},"modified":"2025-11-03T09:40:07","modified_gmt":"2025-11-03T17:40:07","slug":"about-us","status":"publish","type":"page","link":"https:\/\/www.foglesongtow.com\/es\/about-us\/","title":{"rendered":"Sobre nosotros"},"content":{"rendered":"<h2 class=\"wp-block-heading\">Sobre Foglesong Towing<\/h2>\n\n\n\n<div class=\"wp-block-columns is-layout-flex wp-container-core-columns-is-layout-9d6595d7 wp-block-columns-is-layout-flex\">\n<div class=\"wp-block-column is-vertically-aligned-center is-layout-flow wp-block-column-is-layout-flow\">\n<p>Foglesong Towing es una empresa propiedad de mujeres que se enorgullece de ser miembro de la WTRAA (Asociaci\u00f3n de Mujeres de Remolque y Recuperaci\u00f3n de Am\u00e9rica) y tambi\u00e9n est\u00e1 certificada por la CTTA. Con una larga historia familiar en la industria del remolque y a\u00f1os de experiencia, nuestro equipo se esfuerza continuamente por proporcionar los servicios amables y fiables que nuestros clientes esperan. Formar parte de esta competitiva industria conlleva sus propios retos, pero con mucha dedicaci\u00f3n, tiempo y trabajo duro, hemos seguido prosperando y adapt\u00e1ndonos a las crecientes necesidades de nuestra comunidad.<\/p>\n\n\n<div class=\"wp-block-image is-style-default\">\n<figure class=\"aligncenter size-large\"><img loading=\"lazy\" decoding=\"async\" width=\"1000\" height=\"750\" src=\"https:\/\/foglesongtow.ccsdesigns.com\/wp-content\/uploads\/2022\/09\/882497A4-CC03-488A-A23F-F9E2673AC678_1_105_c-1000x750.jpeg\" alt=\"882497a4 Cc03 488a A23f F9e2673ac678 1 105 C\" class=\"wp-image-1353\" srcset=\"https:\/\/www.foglesongtow.com\/wp-content\/uploads\/2022\/09\/882497A4-CC03-488A-A23F-F9E2673AC678_1_105_c-1000x750.jpeg 1000w, https:\/\/www.foglesongtow.com\/wp-content\/uploads\/2022\/09\/882497A4-CC03-488A-A23F-F9E2673AC678_1_105_c-350x263.jpeg 350w, https:\/\/www.foglesongtow.com\/wp-content\/uploads\/2022\/09\/882497A4-CC03-488A-A23F-F9E2673AC678_1_105_c-768x576.jpeg 768w, https:\/\/www.foglesongtow.com\/wp-content\/uploads\/2022\/09\/882497A4-CC03-488A-A23F-F9E2673AC678_1_105_c-16x12.jpeg 16w, https:\/\/www.foglesongtow.com\/wp-content\/uploads\/2022\/09\/882497A4-CC03-488A-A23F-F9E2673AC678_1_105_c.jpeg 1024w\" sizes=\"auto, (max-width: 1000px) 100vw, 1000px\" \/><\/figure><\/div>\n\n\n<p>En Foglesong Towing, sabemos que sin nuestro equipo no ser\u00edamos nada. Trabajamos juntos como una unidad y tratamos a cada empleado de nuestra empresa como una familia. Nos esforzamos por ofrecer los servicios de remolque m\u00e1s fiables y amables posibles y siempre estamos encantados de responder a cualquier pregunta que tengas sobre nuestro remolque de emergencia, remolque de incautaci\u00f3n o subastas de autom\u00f3viles. No dudes en llamarnos hoy mismo. Estamos deseando trabajar contigo.<\/p>\n\n\n\n<div class=\"wp-block-ewsblocks-ewscolumns one_full ews_grid wgaps\"><div class=\"cbox\" \"><h4>Remolque Foglesong<\/h4><ul><li class=\"cboxaddress\"><i class=\"fas fa-map-marker-alt\"><\/i><span>631 S Oaks Ave <br>Ontario CA 91762<\/span><\/li><li class=\"cboxphone\"><i class=\"fas fa-phone-alt\"><\/i><span><a class=\"cbox-phone-click\" href=\"tel:(909)984-2644\">(909) 984-2644<\/a><\/span><\/li><li class=\"cboxhours\"><i class=\"fas fa-clock\"><\/i><span><span>Abierto 24 horas al d\u00eda, 7 d\u00edas a la semana<\/span><\/span><\/li><\/ul><\/div>\n\n\n<div class=\"map-scode\"><iframe src=\"https:\/\/www.google.com\/maps\/embed?pb=!1m14!1m8!1m3!1d13221.94392278328!2d-117.6760589!3d34.0570543!3m2!1i1024!2i768!4f13.1!3m3!1m2!1s0x0%3A0x97933db42455db5d!2sJames%20Foglesong%20Towing%20and%20Storage!5e0!3m2!1sen!2sus!4v1653590676948!5m2!1sen!2sus\" width=\"450\" height=\"450\" style=\"border:0;\" allowfullscreen=\"\" loading=\"lazy\" referrerpolicy=\"no-referrer-when-downgrade\"><\/iframe><\/div>\n<\/div>\n<\/div>\n<\/div>","protected":false},"excerpt":{"rendered":"<p>Acerca de Foglesong Towing Foglesong Towing es una empresa propiedad de mujeres que se enorgullece de ser miembro de WTRAA (Mujeres de la [...]<\/p>","protected":false},"author":4,"featured_media":0,"parent":0,"menu_order":0,"comment_status":"closed","ping_status":"closed","template":"","meta":{"_acf_changed":false,"footnotes":""},"class_list":["post-1118","page","type-page","status-publish","hentry"],"acf":[],"yoast_head":"<!-- This site is optimized with the Yoast SEO plugin v26.5 - https:\/\/yoast.com\/wordpress\/plugins\/seo\/ -->\n<title>About Foglesong Towing | Ontario, CA &amp; Inland Empire<\/title>\n<meta name=\"description\" content=\"Learn how Foglesong Towing serves Ontario and the Inland Empire: safe, professional towing, impounds, and roadside assistance from trained teams.\" \/>\n<meta name=\"robots\" content=\"index, follow, max-snippet:-1, max-image-preview:large, max-video-preview:-1\" \/>\n<link rel=\"canonical\" href=\"https:\/\/www.foglesongtow.com\/es\/about-us\/\" \/>\n<meta property=\"og:locale\" content=\"es_MX\" \/>\n<meta property=\"og:type\" content=\"article\" \/>\n<meta property=\"og:title\" content=\"About Foglesong Towing | Ontario, CA &amp; Inland Empire\" \/>\n<meta property=\"og:description\" content=\"Learn how Foglesong Towing serves Ontario and the Inland Empire: safe, professional towing, impounds, and roadside assistance from trained teams.\" \/>\n<meta property=\"og:url\" content=\"https:\/\/www.foglesongtow.com\/es\/about-us\/\" \/>\n<meta property=\"og:site_name\" content=\"Foglesong Towing\" \/>\n<meta property=\"article:modified_time\" content=\"2025-11-03T17:40:07+00:00\" \/>\n<meta property=\"og:image\" content=\"https:\/\/www.foglesongtow.com\/wp-content\/uploads\/2022\/09\/882497A4-CC03-488A-A23F-F9E2673AC678_1_105_c.jpeg\" \/>\n\t<meta property=\"og:image:width\" content=\"1024\" \/>\n\t<meta property=\"og:image:height\" content=\"768\" \/>\n\t<meta property=\"og:image:type\" content=\"image\/jpeg\" \/>\n<meta name=\"twitter:card\" content=\"summary_large_image\" \/>\n<meta name=\"twitter:label1\" content=\"Tiempo de lectura\" \/>\n\t<meta name=\"twitter:data1\" content=\"1 minuto\" \/>\n<script type=\"application\/ld+json\" class=\"yoast-schema-graph\">{\"@context\":\"https:\/\/schema.org\",\"@graph\":[{\"@type\":\"WebPage\",\"@id\":\"https:\/\/www.foglesongtow.com\/about-us\/\",\"url\":\"https:\/\/www.foglesongtow.com\/about-us\/\",\"name\":\"About Foglesong Towing | Ontario, CA & Inland Empire\",\"isPartOf\":{\"@id\":\"https:\/\/www.foglesongtow.com\/#website\"},\"primaryImageOfPage\":{\"@id\":\"https:\/\/www.foglesongtow.com\/about-us\/#primaryimage\"},\"image\":{\"@id\":\"https:\/\/www.foglesongtow.com\/about-us\/#primaryimage\"},\"thumbnailUrl\":\"https:\/\/foglesongtow.ccsdesigns.com\/wp-content\/uploads\/2022\/09\/882497A4-CC03-488A-A23F-F9E2673AC678_1_105_c-1000x750.jpeg\",\"datePublished\":\"2022-07-19T20:15:28+00:00\",\"dateModified\":\"2025-11-03T17:40:07+00:00\",\"description\":\"Learn how Foglesong Towing serves Ontario and the Inland Empire: safe, professional towing, impounds, and roadside assistance from trained teams.\",\"breadcrumb\":{\"@id\":\"https:\/\/www.foglesongtow.com\/about-us\/#breadcrumb\"},\"inLanguage\":\"es\",\"potentialAction\":[{\"@type\":\"ReadAction\",\"target\":[\"https:\/\/www.foglesongtow.com\/about-us\/\"]}]},{\"@type\":\"ImageObject\",\"inLanguage\":\"es\",\"@id\":\"https:\/\/www.foglesongtow.com\/about-us\/#primaryimage\",\"url\":\"https:\/\/foglesongtow.ccsdesigns.com\/wp-content\/uploads\/2022\/09\/882497A4-CC03-488A-A23F-F9E2673AC678_1_105_c-1000x750.jpeg\",\"contentUrl\":\"https:\/\/foglesongtow.ccsdesigns.com\/wp-content\/uploads\/2022\/09\/882497A4-CC03-488A-A23F-F9E2673AC678_1_105_c-1000x750.jpeg\"},{\"@type\":\"BreadcrumbList\",\"@id\":\"https:\/\/www.foglesongtow.com\/about-us\/#breadcrumb\",\"itemListElement\":[{\"@type\":\"ListItem\",\"position\":1,\"name\":\"Home\",\"item\":\"https:\/\/www.foglesongtow.com\/\"},{\"@type\":\"ListItem\",\"position\":2,\"name\":\"About Us\"}]},{\"@type\":\"WebSite\",\"@id\":\"https:\/\/www.foglesongtow.com\/#website\",\"url\":\"https:\/\/www.foglesongtow.com\/\",\"name\":\"Foglesong Towing\",\"description\":\"\",\"inLanguage\":\"es\"}]}<\/script>\n<!-- \/ Yoast SEO plugin. -->","yoast_head_json":{"title":"About Foglesong Towing | Ontario, CA & Inland Empire","description":"Learn how Foglesong Towing serves Ontario and the Inland Empire: safe, professional towing, impounds, and roadside assistance from trained teams.","robots":{"index":"index","follow":"follow","max-snippet":"max-snippet:-1","max-image-preview":"max-image-preview:large","max-video-preview":"max-video-preview:-1"},"canonical":"https:\/\/www.foglesongtow.com\/es\/about-us\/","og_locale":"es_MX","og_type":"article","og_title":"About Foglesong Towing | Ontario, CA & Inland Empire","og_description":"Learn how Foglesong Towing serves Ontario and the Inland Empire: safe, professional towing, impounds, and roadside assistance from trained teams.","og_url":"https:\/\/www.foglesongtow.com\/es\/about-us\/","og_site_name":"Foglesong Towing","article_modified_time":"2025-11-03T17:40:07+00:00","og_image":[{"width":1024,"height":768,"url":"https:\/\/www.foglesongtow.com\/wp-content\/uploads\/2022\/09\/882497A4-CC03-488A-A23F-F9E2673AC678_1_105_c.jpeg","type":"image\/jpeg"}],"twitter_card":"summary_large_image","twitter_misc":{"Tiempo de lectura":"1 minuto"},"schema":{"@context":"https:\/\/schema.org","@graph":[{"@type":"WebPage","@id":"https:\/\/www.foglesongtow.com\/about-us\/","url":"https:\/\/www.foglesongtow.com\/about-us\/","name":"About Foglesong Towing | Ontario, CA & Inland Empire","isPartOf":{"@id":"https:\/\/www.foglesongtow.com\/#website"},"primaryImageOfPage":{"@id":"https:\/\/www.foglesongtow.com\/about-us\/#primaryimage"},"image":{"@id":"https:\/\/www.foglesongtow.com\/about-us\/#primaryimage"},"thumbnailUrl":"https:\/\/foglesongtow.ccsdesigns.com\/wp-content\/uploads\/2022\/09\/882497A4-CC03-488A-A23F-F9E2673AC678_1_105_c-1000x750.jpeg","datePublished":"2022-07-19T20:15:28+00:00","dateModified":"2025-11-03T17:40:07+00:00","description":"Learn how Foglesong Towing serves Ontario and the Inland Empire: safe, professional towing, impounds, and roadside assistance from trained teams.","breadcrumb":{"@id":"https:\/\/www.foglesongtow.com\/about-us\/#breadcrumb"},"inLanguage":"es","potentialAction":[{"@type":"ReadAction","target":["https:\/\/www.foglesongtow.com\/about-us\/"]}]},{"@type":"ImageObject","inLanguage":"es","@id":"https:\/\/www.foglesongtow.com\/about-us\/#primaryimage","url":"https:\/\/foglesongtow.ccsdesigns.com\/wp-content\/uploads\/2022\/09\/882497A4-CC03-488A-A23F-F9E2673AC678_1_105_c-1000x750.jpeg","contentUrl":"https:\/\/foglesongtow.ccsdesigns.com\/wp-content\/uploads\/2022\/09\/882497A4-CC03-488A-A23F-F9E2673AC678_1_105_c-1000x750.jpeg"},{"@type":"BreadcrumbList","@id":"https:\/\/www.foglesongtow.com\/about-us\/#breadcrumb","itemListElement":[{"@type":"ListItem","position":1,"name":"Home","item":"https:\/\/www.foglesongtow.com\/"},{"@type":"ListItem","position":2,"name":"About Us"}]},{"@type":"WebSite","@id":"https:\/\/www.foglesongtow.com\/#website","url":"https:\/\/www.foglesongtow.com\/","name":"Remolque Foglesong","description":"","inLanguage":"es"}]}},"_links":{"self":[{"href":"https:\/\/www.foglesongtow.com\/es\/wp-json\/wp\/v2\/pages\/1118","targetHints":{"allow":["GET"]}}],"collection":[{"href":"https:\/\/www.foglesongtow.com\/es\/wp-json\/wp\/v2\/pages"}],"about":[{"href":"https:\/\/www.foglesongtow.com\/es\/wp-json\/wp\/v2\/types\/page"}],"author":[{"embeddable":true,"href":"https:\/\/www.foglesongtow.com\/es\/wp-json\/wp\/v2\/users\/4"}],"replies":[{"embeddable":true,"href":"https:\/\/www.foglesongtow.com\/es\/wp-json\/wp\/v2\/comments?post=1118"}],"version-history":[{"count":1,"href":"https:\/\/www.foglesongtow.com\/es\/wp-json\/wp\/v2\/pages\/1118\/revisions"}],"predecessor-version":[{"id":1766,"href":"https:\/\/www.foglesongtow.com\/es\/wp-json\/wp\/v2\/pages\/1118\/revisions\/1766"}],"wp:attachment":[{"href":"https:\/\/www.foglesongtow.com\/es\/wp-json\/wp\/v2\/media?parent=1118"}],"curies":[{"name":"wp","href":"https:\/\/api.w.org\/{rel}","templated":true}]}}